{"id":14,"date":"2015-08-27T19:57:01","date_gmt":"2015-08-27T17:57:01","guid":{"rendered":"http:\/\/nordmandsvaenget.dk.linux67.unoeuro-server.com\/?page_id=14"},"modified":"2025-02-26T18:00:26","modified_gmt":"2025-02-26T16:00:26","slug":"vedtaegter","status":"publish","type":"page","link":"https:\/\/nordmandsvaenget.dk\/?page_id=14","title":{"rendered":"Foreningens vedt\u00e6gter"},"content":{"rendered":"<h4>Foreningens vedt\u00e6gter:<\/h4>\n<p>&nbsp;<\/p>\n<ul>\n<li><a href=\"\/wp-content\/uploads\/Dokumenter\/Vedtaegter.pdf\" target=\"_blank\" rel=\"noopener\">Vedt\u00e6gter for Grundejerforeningen Nordmandsv\u00e6nget<\/a><\/li>\n<li><a href=\"\/wp-content\/uploads\/Dokumenter\/Regels%C3%A6t-for-anvendelsen-af-f%C3%A6llesarealer.pdf\" target=\"_blank\" rel=\"noopener\">Regels\u00e6t for anvendelsen af f\u00e6llesarealerne<\/a><\/li>\n<li><a href=\"https:\/\/nordmandsvaenget.dk\/wp-content\/uploads\/2025\/02\/Forretningsorden-Nordmandsvaengets-grundejerforening_r2.pdf\">Forretningsorden Nordmandsv\u00e6ngets grundejerforening_r2<\/a><\/li>\n<\/ul>\n","protected":false},"excerpt":{"rendered":"<p>Foreningens vedt\u00e6gter: &nbsp; Vedt\u00e6gter for Grundejerforeningen Nordmandsv\u00e6nget Regels\u00e6t for anvendelsen af f\u00e6llesarealerne Forretningsorden Nordmandsv\u00e6ngets grundejerforening_r2<\/p>\n","protected":false},"author":1,"featured_media":0,"parent":0,"menu_order":0,"comment_status":"closed","ping_status":"closed","template":"","meta":{"footnotes":""},"_links":{"self":[{"href":"https:\/\/nordmandsvaenget.dk\/index.php?rest_route=\/wp\/v2\/pages\/14"}],"collection":[{"href":"https:\/\/nordmandsvaenget.dk\/index.php?rest_route=\/wp\/v2\/pages"}],"about":[{"href":"https:\/\/nordmandsvaenget.dk\/index.php?rest_route=\/wp\/v2\/types\/page"}],"author":[{"embeddable":true,"href":"https:\/\/nordmandsvaenget.dk\/index.php?rest_route=\/wp\/v2\/users\/1"}],"replies":[{"embeddable":true,"href":"https:\/\/nordmandsvaenget.dk\/index.php?rest_route=%2Fwp%2Fv2%2Fcomments&post=14"}],"version-history":[{"count":17,"href":"https:\/\/nordmandsvaenget.dk\/index.php?rest_route=\/wp\/v2\/pages\/14\/revisions"}],"predecessor-version":[{"id":458,"href":"https:\/\/nordmandsvaenget.dk\/index.php?rest_route=\/wp\/v2\/pages\/14\/revisions\/458"}],"wp:attachment":[{"href":"https:\/\/nordmandsvaenget.dk\/index.php?rest_route=%2Fwp%2Fv2%2Fmedia&parent=14"}],"curies":[{"name":"wp","href":"https:\/\/api.w.org\/{rel}","templated":true}]}}