{"id":6,"date":"2015-08-27T19:56:02","date_gmt":"2015-08-27T17:56:02","guid":{"rendered":"http:\/\/nordmandsvaenget.dk.linux67.unoeuro-server.com\/?page_id=6"},"modified":"2015-09-16T09:01:18","modified_gmt":"2015-09-16T07:01:18","slug":"grundejerforeningen","status":"publish","type":"page","link":"https:\/\/nordmandsvaenget.dk\/","title":{"rendered":"Grundejerforeningen"},"content":{"rendered":"<p style=\"text-align: center;\"><img loading=\"lazy\" decoding=\"async\" class=\"alignnone wp-image-59 size-full\" src=\"https:\/\/nordmandsvaenget.dk.linux67.unoeuro-server.com\/wp-content\/uploads\/SiteImages\/NV-01.jpg\" alt=\"NV-01\" width=\"700\" height=\"196\" srcset=\"https:\/\/nordmandsvaenget.dk\/wp-content\/uploads\/SiteImages\/NV-01.jpg 700w, https:\/\/nordmandsvaenget.dk\/wp-content\/uploads\/SiteImages\/NV-01-300x84.jpg 300w\" sizes=\"(max-width: 700px) 100vw, 700px\" \/><\/p>\n<h2 style=\"text-align: center;\"><strong>Grundejerforeningen Nordmandsv\u00e6nget<\/strong><\/h2>\n<p style=\"text-align: center;\">Grundejerforeningen Nordmandsv\u00e6nget er grundejerforening for 20 parcelhuse p\u00e5 Nordmandsv\u00e6nget nr. 1 til 39\u00a0i Skibby (kun ulige numre)<\/p>\n","protected":false},"excerpt":{"rendered":"<p>Grundejerforeningen Nordmandsv\u00e6nget Grundejerforeningen Nordmandsv\u00e6nget er grundejerforening for 20 parcelhuse p\u00e5 Nordmandsv\u00e6nget nr. 1 til 39\u00a0i Skibby (kun ulige numre)<\/p>\n","protected":false},"author":1,"featured_media":0,"parent":4,"menu_order":0,"comment_status":"closed","ping_status":"closed","template":"template.fullwidth.php","meta":{"footnotes":""},"_links":{"self":[{"href":"https:\/\/nordmandsvaenget.dk\/index.php?rest_route=\/wp\/v2\/pages\/6"}],"collection":[{"href":"https:\/\/nordmandsvaenget.dk\/index.php?rest_route=\/wp\/v2\/pages"}],"about":[{"href":"https:\/\/nordmandsvaenget.dk\/index.php?rest_route=\/wp\/v2\/types\/page"}],"author":[{"embeddable":true,"href":"https:\/\/nordmandsvaenget.dk\/index.php?rest_route=\/wp\/v2\/users\/1"}],"replies":[{"embeddable":true,"href":"https:\/\/nordmandsvaenget.dk\/index.php?rest_route=%2Fwp%2Fv2%2Fcomments&post=6"}],"version-history":[{"count":6,"href":"https:\/\/nordmandsvaenget.dk\/index.php?rest_route=\/wp\/v2\/pages\/6\/revisions"}],"predecessor-version":[{"id":179,"href":"https:\/\/nordmandsvaenget.dk\/index.php?rest_route=\/wp\/v2\/pages\/6\/revisions\/179"}],"up":[{"embeddable":true,"href":"https:\/\/nordmandsvaenget.dk\/index.php?rest_route=\/wp\/v2\/pages\/4"}],"wp:attachment":[{"href":"https:\/\/nordmandsvaenget.dk\/index.php?rest_route=%2Fwp%2Fv2%2Fmedia&parent=6"}],"curies":[{"name":"wp","href":"https:\/\/api.w.org\/{rel}","templated":true}]}}